{"id":3632,"date":"2021-12-15T14:35:28","date_gmt":"2021-12-15T14:35:28","guid":{"rendered":"https:\/\/joanaluisamatos.com\/?page_id=3632"},"modified":"2021-12-16T14:40:55","modified_gmt":"2021-12-16T14:40:55","slug":"livros","status":"publish","type":"page","link":"https:\/\/joanaluisamatos.com\/index.php\/livros\/","title":{"rendered":"Livros"},"content":{"rendered":"\r\n<figure><\/figure>\r\n<figure><\/figure>\r\n<figure><\/figure>\r\n<figure class=\"wp-block-image size-large\"><img loading=\"lazy\" decoding=\"async\" class=\"alignnone wp-image-582 size-medium\" src=\"https:\/\/joanaluisamatos.com\/wp-content\/uploads\/2020\/08\/IMG_20200811_191730-300x279.jpg\" alt=\"\" width=\"300\" height=\"279\" srcset=\"https:\/\/joanaluisamatos.com\/wp-content\/uploads\/2020\/08\/IMG_20200811_191730-300x279.jpg 300w, https:\/\/joanaluisamatos.com\/wp-content\/uploads\/2020\/08\/IMG_20200811_191730-1024x951.jpg 1024w, https:\/\/joanaluisamatos.com\/wp-content\/uploads\/2020\/08\/IMG_20200811_191730-768x713.jpg 768w, https:\/\/joanaluisamatos.com\/wp-content\/uploads\/2020\/08\/IMG_20200811_191730-1536x1426.jpg 1536w, https:\/\/joanaluisamatos.com\/wp-content\/uploads\/2020\/08\/IMG_20200811_191730-125x116.jpg 125w, https:\/\/joanaluisamatos.com\/wp-content\/uploads\/2020\/08\/IMG_20200811_191730.jpg 1851w\" sizes=\"(max-width: 300px) 100vw, 300px\" \/><\/figure>\r\n\r\n\r\n\r\n<p><br \/>&#8220;Uma menina que vivia junto ao mar deitou-se numa rocha e, observando o c\u00e9u, perguntou a si pr\u00f3pria se seria de l\u00e1 que viria a m\u00fasica e os versos de que ela tanto gostava. Em resposta a essas perguntas ouviu uma voz que lhe perguntava se ela queria ir conhecer o c\u00e9u e a floresta da poesia que l\u00e1 existia. A voz provinha de uma folha de papel em branco que se perdera da sua m\u00e3e-\u00e1rvore, sem ter um verso escrito. Para regressar ao seio da m\u00e3e teria que encontrar as cinco palavras m\u00e1gicas que comporiam o seu verso, as quais se encontravam em cinco \u00e2nforas, na posse de cinco guardi\u00e3es. A menina aceitou o convite e partiram as duas rumo ao c\u00e9u, vivendo maravilhosas aventuras&#8230;&#8221;<\/p>\r\n<p><a href=\"https:\/\/www.wook.pt\/livro\/as-cinco-anforas-de-ouro-joana-luisa-matos\/16199726\">\u00c0 venda na WOOK<\/a><\/p>\r\n<p><a href=\"https:\/\/www.fnac.pt\/As-Cinco-Anforas-de-Ouro-Joana-Luisa-Matos\/a858079\">\u00c0 venda na FNAC<\/a><\/p>\r\n\r\n\r\n\r\n\r\n\r\n<figure class=\"wp-block-image size-large\"><img loading=\"lazy\" decoding=\"async\" class=\"alignnone wp-image-577 size-medium\" src=\"https:\/\/joanaluisamatos.com\/wp-content\/uploads\/2020\/08\/IMG_20200811_191813-300x295.jpg\" alt=\"\" width=\"300\" height=\"295\" srcset=\"https:\/\/joanaluisamatos.com\/wp-content\/uploads\/2020\/08\/IMG_20200811_191813-300x295.jpg 300w, https:\/\/joanaluisamatos.com\/wp-content\/uploads\/2020\/08\/IMG_20200811_191813-1024x1008.jpg 1024w, https:\/\/joanaluisamatos.com\/wp-content\/uploads\/2020\/08\/IMG_20200811_191813-768x756.jpg 768w, https:\/\/joanaluisamatos.com\/wp-content\/uploads\/2020\/08\/IMG_20200811_191813-1536x1511.jpg 1536w, https:\/\/joanaluisamatos.com\/wp-content\/uploads\/2020\/08\/IMG_20200811_191813-75x75.jpg 75w, https:\/\/joanaluisamatos.com\/wp-content\/uploads\/2020\/08\/IMG_20200811_191813-118x116.jpg 118w, https:\/\/joanaluisamatos.com\/wp-content\/uploads\/2020\/08\/IMG_20200811_191813.jpg 1929w\" sizes=\"(max-width: 300px) 100vw, 300px\" \/><\/figure>\r\n\r\n\r\n\r\n<p><br \/>&#8220;Eu sou o Raimundo<br \/>e uma hist\u00f3ria vou contar.<br \/>\u00c9 sobre a nobre cidade de Barcelos<br \/>de beleza e magia sem par&#8230;&#8221;<\/p>\r\n<p>Sou neto do Galo de Barcelos<br \/>e tenho orgulho no meu passado.<br \/>Sou esperto, brincalh\u00e3o e arguto<br \/>nada tenho de aluado!&#8221;<\/p>\r\n<p><em>Edi\u00e7\u00e3o da C\u00e2mara Municipal de Barcelos<br \/><br \/><\/em><\/p>\r\n\r\n\r\n\r\n\r\n\r\n<figure class=\"wp-block-image size-large\"><img loading=\"lazy\" decoding=\"async\" class=\"alignnone wp-image-576 size-medium\" src=\"https:\/\/joanaluisamatos.com\/wp-content\/uploads\/2020\/08\/IMG_20200811_191858-300x300.jpg\" alt=\"\" width=\"300\" height=\"300\" srcset=\"https:\/\/joanaluisamatos.com\/wp-content\/uploads\/2020\/08\/IMG_20200811_191858-300x300.jpg 300w, https:\/\/joanaluisamatos.com\/wp-content\/uploads\/2020\/08\/IMG_20200811_191858-1021x1024.jpg 1021w, https:\/\/joanaluisamatos.com\/wp-content\/uploads\/2020\/08\/IMG_20200811_191858-150x150.jpg 150w, https:\/\/joanaluisamatos.com\/wp-content\/uploads\/2020\/08\/IMG_20200811_191858-768x770.jpg 768w, https:\/\/joanaluisamatos.com\/wp-content\/uploads\/2020\/08\/IMG_20200811_191858-1531x1536.jpg 1531w, https:\/\/joanaluisamatos.com\/wp-content\/uploads\/2020\/08\/IMG_20200811_191858-75x75.jpg 75w, https:\/\/joanaluisamatos.com\/wp-content\/uploads\/2020\/08\/IMG_20200811_191858-116x116.jpg 116w, https:\/\/joanaluisamatos.com\/wp-content\/uploads\/2020\/08\/IMG_20200811_191858.jpg 1937w\" sizes=\"(max-width: 300px) 100vw, 300px\" \/><\/figure>\r\n\r\n\r\n\r\n<p><br \/>&#8220;Meus queridos amiguinhos,<br \/>Aqui estou eu de regresso, Raimundo todo sedoso,<br \/>para mais hist\u00f3rias vos contar.<br \/>S\u00e3o sobre o nosso concelho de Barcelos,<br \/>que tem pessoas surpreendentes e factos de espantar.<\/p>\r\n<p>Muito tenho lido e estudado,<br \/>Em livros e internet tenho pesquisado.<br \/><br \/>percebi que Barcelos \u00e9 um concelho grande e airoso.<br \/>Tem um nobre passado, mas temos de contribuir<br \/>para que tenha um futuro maravilhoso.&#8221;<\/p>\r\n<p><em>Edi\u00e7\u00e3o da C\u00e2mara Municipal de Barcelos<\/em><\/p>\r\n<p><img loading=\"lazy\" decoding=\"async\" class=\" wp-image-3756\" src=\"https:\/\/joanaluisamatos.com\/wp-content\/uploads\/2021\/05\/poemas-189x300.jpg\" alt=\"\" width=\"269\" height=\"427\" srcset=\"https:\/\/joanaluisamatos.com\/wp-content\/uploads\/2021\/05\/poemas-189x300.jpg 189w, https:\/\/joanaluisamatos.com\/wp-content\/uploads\/2021\/05\/poemas-646x1024.jpg 646w, https:\/\/joanaluisamatos.com\/wp-content\/uploads\/2021\/05\/poemas-768x1217.jpg 768w, https:\/\/joanaluisamatos.com\/wp-content\/uploads\/2021\/05\/poemas-969x1536.jpg 969w, https:\/\/joanaluisamatos.com\/wp-content\/uploads\/2021\/05\/poemas-1292x2048.jpg 1292w, https:\/\/joanaluisamatos.com\/wp-content\/uploads\/2021\/05\/poemas-73x116.jpg 73w, https:\/\/joanaluisamatos.com\/wp-content\/uploads\/2021\/05\/poemas-scaled.jpg 1615w\" sizes=\"(max-width: 269px) 100vw, 269px\" \/><\/p>\r\n<div dir=\"auto\"><em>O primeiro livro de uma menina cheia de sonhos.<\/em><\/div>\r\n<div dir=\"auto\"><em>O primeiro livro de uma mulher que concretizou v\u00e1rios sonhos mas que continua a busc\u00e1-los!<\/em><\/div>\r\n<div dir=\"auto\">\u00a0<\/div>\r\n\r\n\r\n\r\n<p>&#8220;O Construtor de Sonhos<\/p>\r\n<p>Corados, frescos,<br \/>Sem amargura<br \/>Os passos prosseguem<br \/>Desta vez firmes<br \/>Porque o cativeiro est\u00e1 morto,<br \/>A mente livre,<br \/>A esperan\u00e7a fiel a um sonho<br \/>Que desperta!<br \/><br \/>Os alicerces destru\u00eddos um dia<br \/>Por um desespero<br \/>Outrora inabal\u00e1vel,<br \/>Orgulham-se agora<br \/>De cimentar algo<br \/>Jovem, forte, sonante!<\/p>\r\n<p>N\u00e3o se ressente mais<br \/>Aquele ser<br \/>Por se ter escondido do mundo<br \/>Feridas fechadas,<br \/>M\u00e1goas curadas,<br \/>Os passos prosseguem<br \/>Lentos, mas firmes<br \/>Na imensid\u00e3o de um espa\u00e7o!&#8221;<\/p>\r\n<p><img loading=\"lazy\" decoding=\"async\" class=\"alignnone size-medium wp-image-3795\" src=\"https:\/\/joanaluisamatos.com\/wp-content\/uploads\/2021\/12\/IMG_20211216_141548-296x300.jpg\" alt=\"\" width=\"296\" height=\"300\" srcset=\"https:\/\/joanaluisamatos.com\/wp-content\/uploads\/2021\/12\/IMG_20211216_141548-296x300.jpg 296w, https:\/\/joanaluisamatos.com\/wp-content\/uploads\/2021\/12\/IMG_20211216_141548-1010x1024.jpg 1010w, https:\/\/joanaluisamatos.com\/wp-content\/uploads\/2021\/12\/IMG_20211216_141548-768x779.jpg 768w, https:\/\/joanaluisamatos.com\/wp-content\/uploads\/2021\/12\/IMG_20211216_141548-1515x1536.jpg 1515w, https:\/\/joanaluisamatos.com\/wp-content\/uploads\/2021\/12\/IMG_20211216_141548-75x75.jpg 75w, https:\/\/joanaluisamatos.com\/wp-content\/uploads\/2021\/12\/IMG_20211216_141548-114x116.jpg 114w, https:\/\/joanaluisamatos.com\/wp-content\/uploads\/2021\/12\/IMG_20211216_141548.jpg 1708w\" sizes=\"(max-width: 296px) 100vw, 296px\" \/><\/p>\r\n<figure>&#8220;Ol\u00e1 meninas e meninos,<\/figure>\r\n<figure>Eu sou o Raimundo, neto do Galo de Barcelos.<br \/>Vou contar-vos a hist\u00f3ria do meu av\u00f4:<\/figure>\r\n<figure><\/figure>\r\n<figure><br \/>O meu av\u00f4 nasceu nos anos trinta do s\u00e9culo XX,<br \/>pelas m\u00e3os engenhosas de Domingos C\u00f4to.<br \/>De formas simples e cores pouco exuberantes,<br \/>eis que surge o meu av\u00f4, catita mas ainda um garoto.<br \/><br \/><\/figure>\r\n<p>Certo dia, uns senhores importantes de Lisboa,<br \/>como o cineasta Leit\u00e3o de Barros, ou o jornalista Ant\u00f3nio Ferro,<br \/>encantados com o seu ar divertido e popular,<br \/>levaram-no \u00e0 capital para passear&#8230;&#8221;<\/p>\r\n","protected":false},"excerpt":{"rendered":"<p>&#8220;Uma menina que vivia junto ao mar deitou-se numa rocha e, observando o c\u00e9u, perguntou a si pr\u00f3pria se seria de l\u00e1 que viria a m\u00fasica e os versos de que ela tanto gostava. Em resposta a essas perguntas ouviu uma voz que lhe perguntava se ela queria ir conhecer o c\u00e9u e a floresta da poesia que l\u00e1 existia. A voz provinha de uma folha de papel em branco que se perdera da sua m\u00e3e-\u00e1rvore, sem ter um verso&hellip;<\/p>\n","protected":false},"author":1,"featured_media":0,"parent":0,"menu_order":0,"comment_status":"closed","ping_status":"closed","template":"","meta":{"footnotes":""},"class_list":["post-3632","page","type-page","status-publish","hentry"],"_links":{"self":[{"href":"https:\/\/joanaluisamatos.com\/index.php\/wp-json\/wp\/v2\/pages\/3632"}],"collection":[{"href":"https:\/\/joanaluisamatos.com\/index.php\/wp-json\/wp\/v2\/pages"}],"about":[{"href":"https:\/\/joanaluisamatos.com\/index.php\/wp-json\/wp\/v2\/types\/page"}],"author":[{"embeddable":true,"href":"https:\/\/joanaluisamatos.com\/index.php\/wp-json\/wp\/v2\/users\/1"}],"replies":[{"embeddable":true,"href":"https:\/\/joanaluisamatos.com\/index.php\/wp-json\/wp\/v2\/comments?post=3632"}],"version-history":[{"count":11,"href":"https:\/\/joanaluisamatos.com\/index.php\/wp-json\/wp\/v2\/pages\/3632\/revisions"}],"predecessor-version":[{"id":3801,"href":"https:\/\/joanaluisamatos.com\/index.php\/wp-json\/wp\/v2\/pages\/3632\/revisions\/3801"}],"wp:attachment":[{"href":"https:\/\/joanaluisamatos.com\/index.php\/wp-json\/wp\/v2\/media?parent=3632"}],"curies":[{"name":"wp","href":"https:\/\/api.w.org\/{rel}","templated":true}]}}