{"id":3656,"date":"2021-05-06T11:45:40","date_gmt":"2021-05-06T11:45:40","guid":{"rendered":"https:\/\/joanaluisamatos.com\/?page_id=3656"},"modified":"2021-05-06T11:45:42","modified_gmt":"2021-05-06T11:45:42","slug":"bio-3","status":"publish","type":"page","link":"https:\/\/joanaluisamatos.com\/index.php\/bio-3\/","title":{"rendered":"Bio"},"content":{"rendered":"\n<p>Joana Lu\u00edsa Matos nasceu a 25 de novembro de 1973 em Barcelos.<\/p>\n\n\n\n<p>Licenciou-se em Medicina Dent\u00e1ria, em 1997, na Faculdade de Medicina Dent\u00e1ria da<\/p>\n\n\n\n<p>Universidade do Porto, com p\u00f3s-gradua\u00e7\u00f5es nas \u00e1reas de Ortodontia, Oclus\u00e3o e Ortopedia Funcional dos Maxilares.<\/p>\n\n\n\n<p>Cedo despertou para o mundo das artes, com incurs\u00e3o pela poesia, tendo publicado, em 1993, o seu primeiro livro.<\/p>\n\n\n\n<p>No ano 2000, participou na \u201cAntologia dos Jovens Poetas do Baixo Minho\u201d. No ano 2004, iniciou-se nas artes de dizer poesia, do teatro e do canto, tendo participado em v\u00e1rias pe\u00e7as de teatro e em espet\u00e1culos po\u00e9tico-musicais.<\/p>\n\n\n\n<p>Foi Vice-Presidente e fundadora da \u201cAssocia\u00e7\u00e3o D\u2019Improviso \u2013 Artes do Espet\u00e1culo\u201d.<\/p>\n\n\n\n<p>Publicou, em 2015, o seu primeiro conto infantil, \u201cAs Cinco \u00c2nforas de Ouro\u201d, pela Editora OPERA OMNIA.<\/p>\n\n\n\n<p>Tamb\u00e9m pela editora OPERA OMNIA, publicou o primeiro e o segundo volume da cole\u00e7\u00e3o \u201cRaimundo canta Barcelos\u201d, respetivamente, em 2018 e 2019. \u00c9 uma cole\u00e7\u00e3o que pretende contar, em quatro volumes e atrav\u00e9s da personagem do Galo Raimundo, a hist\u00f3ria da cidade de Barcelos aos mais pequenos. Esta cole\u00e7\u00e3o conta com o apoio da C\u00e2mara Municipal de Barcelos.<\/p>\n","protected":false},"excerpt":{"rendered":"<p>Joana Lu\u00edsa Matos nasceu a 25 de novembro de 1973 em Barcelos. Licenciou-se em Medicina Dent\u00e1ria, em 1997, na Faculdade de Medicina Dent\u00e1ria da Universidade do Porto, com p\u00f3s-gradua\u00e7\u00f5es nas \u00e1reas de Ortodontia, Oclus\u00e3o e Ortopedia Funcional dos Maxilares. Cedo despertou para o mundo das artes, com incurs\u00e3o pela poesia, tendo publicado, em 1993, o seu primeiro livro. No ano 2000, participou na \u201cAntologia dos Jovens Poetas do Baixo Minho\u201d. No ano 2004, iniciou-se nas artes de dizer poesia, do&hellip;<\/p>\n","protected":false},"author":1,"featured_media":3657,"parent":0,"menu_order":0,"comment_status":"closed","ping_status":"closed","template":"","meta":{"footnotes":""},"class_list":["post-3656","page","type-page","status-publish","has-post-thumbnail","hentry","post-has-thumbnail"],"_links":{"self":[{"href":"https:\/\/joanaluisamatos.com\/index.php\/wp-json\/wp\/v2\/pages\/3656"}],"collection":[{"href":"https:\/\/joanaluisamatos.com\/index.php\/wp-json\/wp\/v2\/pages"}],"about":[{"href":"https:\/\/joanaluisamatos.com\/index.php\/wp-json\/wp\/v2\/types\/page"}],"author":[{"embeddable":true,"href":"https:\/\/joanaluisamatos.com\/index.php\/wp-json\/wp\/v2\/users\/1"}],"replies":[{"embeddable":true,"href":"https:\/\/joanaluisamatos.com\/index.php\/wp-json\/wp\/v2\/comments?post=3656"}],"version-history":[{"count":1,"href":"https:\/\/joanaluisamatos.com\/index.php\/wp-json\/wp\/v2\/pages\/3656\/revisions"}],"predecessor-version":[{"id":3658,"href":"https:\/\/joanaluisamatos.com\/index.php\/wp-json\/wp\/v2\/pages\/3656\/revisions\/3658"}],"wp:featuredmedia":[{"embeddable":true,"href":"https:\/\/joanaluisamatos.com\/index.php\/wp-json\/wp\/v2\/media\/3657"}],"wp:attachment":[{"href":"https:\/\/joanaluisamatos.com\/index.php\/wp-json\/wp\/v2\/media?parent=3656"}],"curies":[{"name":"wp","href":"https:\/\/api.w.org\/{rel}","templated":true}]}}