{"id":5,"date":"2020-08-10T15:27:11","date_gmt":"2020-08-10T15:27:11","guid":{"rendered":"http:\/\/joanaluisamatos.com\/?page_id=5"},"modified":"2020-08-11T11:06:20","modified_gmt":"2020-08-11T11:06:20","slug":"sons-de-mim","status":"publish","type":"page","link":"https:\/\/joanaluisamatos.com\/index.php\/sons-de-mim\/","title":{"rendered":"Sons de Mim"},"content":{"rendered":"\n<p>A materializa\u00e7\u00e3o deste blogue \u00e9 consequ\u00eancia da chegada a uma maturidade, a uma consci\u00eancia de muitos anos em busca de um prop\u00f3sito.<\/p>\n\n\n\n<p>O ser humano \u00e9 a fus\u00e3o de v\u00e1rias \u201cpersonae\u201d, de v\u00e1rias facetas distintas, como pe\u00e7as de um \u201cpuzzle\u201d que comp\u00f5em um todo, \u00fanico e incompar\u00e1vel.<\/p>\n\n\n\n<p>\u201cSons de Mim\u201d \u00e9, como o pr\u00f3prio nome indica, a reuni\u00e3o das facetas da minha vida que me fazem verdadeiramente feliz.<\/p>\n\n\n\n<p>A partilha destas paix\u00f5es com todos v\u00f3s n\u00e3o \u00e9 uma vaidade. \u00c9 um compromisso comigo mesma, com o objetivo de as trabalhar com mais afinco, de forma a que estejam ainda mais presentes na minha vida.<\/p>\n\n\n\n<p>O compromisso com o meu crescimento pessoal e profissional, aspetos indissoci\u00e1veis, implica mais leitura, mais estudo, mais escrita, mais autenticidade.<\/p>\n\n\n\n<p>\u201c Ser livre \u00e9 ser aut\u00eantico\u201d, escrevi eu um dia.<\/p>\n\n\n\n<p>Cada vez mais estou certa de que abra\u00e7ando as nossas compet\u00eancias e as nossa aptid\u00f5es estamos na senda da nossa verdade, da nossa felicidade.<\/p>\n\n\n\n<p>A felicidade de pisar um palco e declamar poesia junta-se \u00e0 magia de ver as minhas hist\u00f3rias ganharem vida na m\u00e3o dos ilustradores.<\/p>\n\n\n\n<p>A felicidade que encontro quando leio um livro, ou\u00e7o uma palestra , uma m\u00fasica que me inspira, contribui com mais descobertas para o meu caminho de desenvolvimento .<\/p>\n\n\n\n<p>A mesma felicidade que tenho, como m\u00e9dica dentista, quando vejo uma crian\u00e7a ganhar um novo sorriso. O sorriso que lhe vai permitir crescer de forma mais harmoniosa, adquirindo fun\u00e7\u00f5es fisiol\u00f3gicas corretas e, consequentemente, ambicionar a uma vida com mais oportunidades. O sentimento de que \u201cvaleu a pena\u201d quando converso com uma futura m\u00e3e, com as suas d\u00favidas e anseios.<\/p>\n\n\n\n<p>Esta sou eu! Algu\u00e9m que se enriquece todos os dias com as suas alegrias e as suas dores. Algu\u00e9m que comete erros e acertos. Uma eterna aprendiz!<\/p>\n\n\n\n<p>Como todos v\u00f3s!<\/p>\n\n\n\n<p>Espero que este espa\u00e7o possa ser um contributo para os vossos percursos, na busca dos vossos prop\u00f3sitos.<\/p>\n\n\n\n<p>O meu cora\u00e7\u00e3o no vosso cora\u00e7\u00e3o!<\/p>\n\n\n\n<p><strong>Joana Lu\u00edsa Matos<\/strong><\/p>\n","protected":false},"excerpt":{"rendered":"<p>A materializa\u00e7\u00e3o deste blogue \u00e9 consequ\u00eancia da chegada a uma maturidade, a uma consci\u00eancia de muitos anos em busca de um prop\u00f3sito. O ser humano \u00e9 a fus\u00e3o de v\u00e1rias \u201cpersonae\u201d, de v\u00e1rias facetas distintas, como pe\u00e7as de um \u201cpuzzle\u201d que comp\u00f5em um todo, \u00fanico e incompar\u00e1vel. \u201cSons de Mim\u201d \u00e9, como o pr\u00f3prio nome indica, a reuni\u00e3o das facetas da minha vida que me fazem verdadeiramente feliz. A partilha destas paix\u00f5es com todos v\u00f3s n\u00e3o \u00e9 uma vaidade. \u00c9&hellip;<\/p>\n","protected":false},"author":1,"featured_media":17,"parent":0,"menu_order":0,"comment_status":"closed","ping_status":"closed","template":"","meta":{"footnotes":""},"class_list":["post-5","page","type-page","status-publish","has-post-thumbnail","hentry","post-has-thumbnail"],"_links":{"self":[{"href":"https:\/\/joanaluisamatos.com\/index.php\/wp-json\/wp\/v2\/pages\/5"}],"collection":[{"href":"https:\/\/joanaluisamatos.com\/index.php\/wp-json\/wp\/v2\/pages"}],"about":[{"href":"https:\/\/joanaluisamatos.com\/index.php\/wp-json\/wp\/v2\/types\/page"}],"author":[{"embeddable":true,"href":"https:\/\/joanaluisamatos.com\/index.php\/wp-json\/wp\/v2\/users\/1"}],"replies":[{"embeddable":true,"href":"https:\/\/joanaluisamatos.com\/index.php\/wp-json\/wp\/v2\/comments?post=5"}],"version-history":[{"count":1,"href":"https:\/\/joanaluisamatos.com\/index.php\/wp-json\/wp\/v2\/pages\/5\/revisions"}],"predecessor-version":[{"id":6,"href":"https:\/\/joanaluisamatos.com\/index.php\/wp-json\/wp\/v2\/pages\/5\/revisions\/6"}],"wp:featuredmedia":[{"embeddable":true,"href":"https:\/\/joanaluisamatos.com\/index.php\/wp-json\/wp\/v2\/media\/17"}],"wp:attachment":[{"href":"https:\/\/joanaluisamatos.com\/index.php\/wp-json\/wp\/v2\/media?parent=5"}],"curies":[{"name":"wp","href":"https:\/\/api.w.org\/{rel}","templated":true}]}}